{"id":100,"date":"2025-03-25T09:23:31","date_gmt":"2025-03-25T09:23:31","guid":{"rendered":"https:\/\/www.coldmasters.lt\/?page_id=100"},"modified":"2025-03-25T09:29:13","modified_gmt":"2025-03-25T09:29:13","slug":"kontaktai","status":"publish","type":"page","link":"https:\/\/www.coldmasters.lt\/?page_id=100","title":{"rendered":"Kontaktai"},"content":{"rendered":"\n<div class=\"wp-block-group alignfull has-background-secondary-background-color has-background is-layout-constrained wp-container-core-group-is-layout-082e5eb5 wp-block-group-is-layout-constrained\" style=\"padding-top:var(--wp--preset--spacing--50);padding-right:var(--wp--preset--spacing--40);padding-bottom:var(--wp--preset--spacing--50);padding-left:var(--wp--preset--spacing--40)\">\n<div class=\"wp-block-columns alignwide is-layout-flex wp-container-core-columns-is-layout-5260d9e8 wp-block-columns-is-layout-flex\" style=\"padding-top:0;padding-right:0;padding-bottom:0;padding-left:0\">\n<div class=\"wp-block-column is-layout-flow wp-block-column-is-layout-flow\" style=\"border-style:none;border-width:0px\">\n<figure class=\"wp-block-image size-full wp-duotone-fff-7f7f7f-1\"><img loading=\"lazy\" decoding=\"async\" width=\"366\" height=\"201\" src=\"https:\/\/www.coldmasters.lt\/wp-content\/uploads\/2025\/03\/Ekrano_kopija_2025-03-18_171306-removebg-preview-2.png\" alt=\"\" class=\"wp-image-112\" srcset=\"https:\/\/www.coldmasters.lt\/wp-content\/uploads\/2025\/03\/Ekrano_kopija_2025-03-18_171306-removebg-preview-2.png 366w, https:\/\/www.coldmasters.lt\/wp-content\/uploads\/2025\/03\/Ekrano_kopija_2025-03-18_171306-removebg-preview-2-300x165.png 300w\" sizes=\"auto, (max-width: 366px) 100vw, 366px\" \/><\/figure>\n<\/div>\n\n\n\n<div class=\"wp-block-column is-vertically-aligned-center is-layout-flow wp-block-column-is-layout-flow\" style=\"padding-bottom:0\">\n<h2 class=\"wp-block-heading has-foreground-color has-text-color has-link-color has-slider-title-font-size wp-elements-7ea08b2d1dc77b2f0dd612a957f71a20\"><strong>MB Coldmasters<\/strong><\/h2>\n\n\n\n<p class=\"has-foreground-color has-text-color has-link-color wp-elements-01e19b9d0018aa1e534c559d5b00a110\">\u012emon\u0117s kodas: 306659213<br>PVM mok\u0117tojo kodas: LT100016599011<br>Dirbame visoje Lietuvoje<br>I\u0161ra\u0161ome s\u0105skaitas fakt\u016bras.<\/p>\n\n\n\n<p class=\"has-foreground-color has-text-color has-link-color wp-elements-bf15f6adba0b741b0ecc39d491786f1e\">Tel. nr. <a href=\"tel:+1238575694\">370-604-12442<\/a><br>El. pa\u0161tas: info@coldmasters.lt <\/p>\n\n\n\n<p class=\"has-foreground-color has-text-color has-link-color wp-elements-ba1238313e84d32e61af7a13624464d4\"><\/p>\n\n\n\n<div class=\"wp-block-buttons is-layout-flex wp-block-buttons-is-layout-flex\"><\/div>\n<\/div>\n<\/div>\n<\/div>\n\n\n\n<div class=\"wp-block-group alignfull gutenify-section-2001dc90-b0ca-11ef-8dff-d3463856a223 has-background-background-color has-background is-layout-flow wp-block-group-is-layout-flow\" style=\"border-style:none;border-width:0px;padding-top:0;padding-right:0;padding-bottom:0;padding-left:0\">\n<div class=\"wp-block-group alignwide gutenify-section-20002ee0-b0ca-11ef-8dff-d3463856a223 is-layout-constrained wp-container-core-group-is-layout-c5bbea69 wp-block-group-is-layout-constrained\"><\/div>\n<\/div>\n","protected":false},"excerpt":{"rendered":"<p>MB Coldmasters \u012emon\u0117s kodas: 306659213PVM mok\u0117tojo kodas: LT100016599011Dirbame visoje LietuvojeI\u0161ra\u0161ome s\u0105skaitas fakt\u016bras. Tel. nr. 370-604-12442El. [&hellip;]<\/p>\n","protected":false},"author":1,"featured_media":0,"parent":0,"menu_order":0,"comment_status":"closed","ping_status":"closed","template":"","meta":{"footnotes":""},"class_list":["post-100","page","type-page","status-publish","hentry"],"_links":{"self":[{"href":"https:\/\/www.coldmasters.lt\/index.php?rest_route=\/wp\/v2\/pages\/100","targetHints":{"allow":["GET"]}}],"collection":[{"href":"https:\/\/www.coldmasters.lt\/index.php?rest_route=\/wp\/v2\/pages"}],"about":[{"href":"https:\/\/www.coldmasters.lt\/index.php?rest_route=\/wp\/v2\/types\/page"}],"author":[{"embeddable":true,"href":"https:\/\/www.coldmasters.lt\/index.php?rest_route=\/wp\/v2\/users\/1"}],"replies":[{"embeddable":true,"href":"https:\/\/www.coldmasters.lt\/index.php?rest_route=%2Fwp%2Fv2%2Fcomments&post=100"}],"version-history":[{"count":10,"href":"https:\/\/www.coldmasters.lt\/index.php?rest_route=\/wp\/v2\/pages\/100\/revisions"}],"predecessor-version":[{"id":116,"href":"https:\/\/www.coldmasters.lt\/index.php?rest_route=\/wp\/v2\/pages\/100\/revisions\/116"}],"wp:attachment":[{"href":"https:\/\/www.coldmasters.lt\/index.php?rest_route=%2Fwp%2Fv2%2Fmedia&parent=100"}],"curies":[{"name":"wp","href":"https:\/\/api.w.org\/{rel}","templated":true}]}}